{"id":390,"date":"2026-03-22T18:27:50","date_gmt":"2026-03-22T17:27:50","guid":{"rendered":"https:\/\/www.eclecteur.de\/?page_id=390"},"modified":"2026-03-22T18:36:47","modified_gmt":"2026-03-22T17:36:47","slug":"visitenkarte-3","status":"publish","type":"page","link":"https:\/\/www.eclecteur.de\/?page_id=390","title":{"rendered":"Visitenkarte"},"content":{"rendered":"\n<p><\/p>\n\n\n\n<p>Systemische Kinder- und Jugendlichenpsychotherapeutin <br>Diplom-Sozialp\u00e4dagogin (FH Dortmund) <br> <br>Ambulanz f\u00fcr Kinder- und Jugendlichenpsychotherapie, ifs Essen-Steele<\/p>\n\n\n\n<p>Systemische Therapie und Beratung (SG)\n                      <br>Systemische Paartherapie \/ Paarberatung\n                      <br>Hypnosystemische Traumatherapie, Somatic Experiencing,\n                      <br>Eye Movement Integration, Ego State Therapie\n                      <br>Prozess- und Embodimentfokussierte Psychologie \u2013 PEP: Klopfen f\u00fcr Profis, Dr. Michael Bohne\n                      <br>PEP mit Kindern und Jugendlichen\n                      <br>Progressive Muskelentspannung\n                      <br>Therapeutisches, kreatives und pers\u00f6nlichkeitsbildendes Schreiben (EAG FPI)\n                      <br>Heilpraktikerin f\u00fcr Psychotherapie<\/p>\n\n\n\n<p>Fr\u00fchere T\u00e4tigkeiten: <br>Traumaspezifsche Beratung jugendlicher Gefl\u00fcchteter und deren Bezugspersonen; <br>Kinder- und Jugendlichenpsychotherapeutin: Vestische Kinder- und Jugendpsychiatrie Datteln, SPZ Unna-K\u00f6nigsborn, Praxis Dr. Schmidt (Herdecke), Elisabeth Klinik (Dortmund); Schulsozialarbeiterin; <br>T\u00e4tigkeiten in eigener Praxis: Traumatherapeutische Versorgung jugendlicher Gefl\u00fcchteter, Vertragspartnerschaft mit der Systeb \u00fcber Systemisches Gesundheitscoaching, Selbstzahler, Seminare und Workshops f\u00fcr Ehrenamtliche in der Fl\u00fcchtlingshilfe; <br>Dozentin in der Erwachsenenbildung: Deutsch als Zweitsprache, Alphabetisierung und Grundbildung, Bewerbungstrainings; Beratung zur beruflichen Entwicklung (Vhs Dortmund und Vhs Hamm); <br>T\u00e4tigkeiten in der stat. und amb. Erwachsenenpsychiatrie \u2026<\/p>\n","protected":false},"excerpt":{"rendered":"<p>Systemische Kinder- und Jugendlichenpsychotherapeutin Diplom-Sozialp\u00e4dagogin (FH Dortmund) Ambulanz f\u00fcr Kinder- und Jugendlichenpsychotherapie, ifs Essen-Steele Systemische Therapie und Beratung (SG) Systemische Paartherapie \/ Paarberatung Hypnosystemische Traumatherapie, Somatic Experiencing, Eye Movement Integration, Ego State Therapie Prozess- und Embodimentfokussierte Psychologie \u2013 PEP: Klopfen f\u00fcr Profis, Dr. Michael Bohne PEP mit Kindern und Jugendlichen Progressive Muskelentspannung Therapeutisches, kreatives und [&hellip;]<\/p>\n","protected":false},"author":2,"featured_media":0,"parent":0,"menu_order":0,"comment_status":"closed","ping_status":"closed","template":"","meta":{"footnotes":""},"class_list":["post-390","page","type-page","status-publish","hentry"],"_links":{"self":[{"href":"https:\/\/www.eclecteur.de\/index.php?rest_route=\/wp\/v2\/pages\/390","targetHints":{"allow":["GET"]}}],"collection":[{"href":"https:\/\/www.eclecteur.de\/index.php?rest_route=\/wp\/v2\/pages"}],"about":[{"href":"https:\/\/www.eclecteur.de\/index.php?rest_route=\/wp\/v2\/types\/page"}],"author":[{"embeddable":true,"href":"https:\/\/www.eclecteur.de\/index.php?rest_route=\/wp\/v2\/users\/2"}],"replies":[{"embeddable":true,"href":"https:\/\/www.eclecteur.de\/index.php?rest_route=%2Fwp%2Fv2%2Fcomments&post=390"}],"version-history":[{"count":2,"href":"https:\/\/www.eclecteur.de\/index.php?rest_route=\/wp\/v2\/pages\/390\/revisions"}],"predecessor-version":[{"id":396,"href":"https:\/\/www.eclecteur.de\/index.php?rest_route=\/wp\/v2\/pages\/390\/revisions\/396"}],"wp:attachment":[{"href":"https:\/\/www.eclecteur.de\/index.php?rest_route=%2Fwp%2Fv2%2Fmedia&parent=390"}],"curies":[{"name":"wp","href":"https:\/\/api.w.org\/{rel}","templated":true}]}}